{"id":1612,"date":"2021-03-16T16:18:25","date_gmt":"2021-03-16T15:18:25","guid":{"rendered":"http:\/\/redroosters.be\/?page_id=1612"},"modified":"2021-08-26T14:28:37","modified_gmt":"2021-08-26T12:28:37","slug":"entraineurs","status":"publish","type":"page","link":"https:\/\/redroosters.be\/index.php\/entraineurs\/","title":{"rendered":"ENTRAINEURS"},"content":{"rendered":"<div class=\"fusion-fullwidth fullwidth-box fusion-builder-row-1 fusion-flex-container nonhundred-percent-fullwidth non-hundred-percent-height-scrolling\" style=\"--awb-border-radius-top-left:0px;--awb-border-radius-top-right:0px;--awb-border-radius-bottom-right:0px;--awb-border-radius-bottom-left:0px;--awb-flex-wrap:wrap;\" ><div class=\"fusion-builder-row fusion-row fusion-flex-align-items-flex-start fusion-flex-content-wrap\" style=\"max-width:1185.6px;margin-left: calc(-4% \/ 2 );margin-right: calc(-4% \/ 2 );\"><div class=\"fusion-layout-column fusion_builder_column fusion-builder-column-0 fusion_builder_column_2_3 2_3 fusion-flex-column\" style=\"--awb-bg-size:cover;--awb-width-large:66.666666666667%;--awb-margin-top-large:0px;--awb-spacing-right-large:2.88%;--awb-margin-bottom-large:20px;--awb-spacing-left-large:2.88%;--awb-width-medium:100%;--awb-order-medium:0;--awb-spacing-right-medium:1.92%;--awb-spacing-left-medium:1.92%;--awb-width-small:100%;--awb-order-small:0;--awb-spacing-right-small:1.92%;--awb-spacing-left-small:1.92%;\"><div class=\"fusion-column-wrapper fusion-column-has-shadow fusion-flex-justify-content-flex-start fusion-content-layout-column\">\n<div class=\"table-1\">\n<table width=\"100%\">\n<thead>\n<tr>\n<th style=\"text-align: center;\" align=\"center\">Cat\u00e9gorie<\/th>\n<th style=\"text-align: center;\" align=\"center\">Entra\u00eeneurs<\/th>\n<th style=\"text-align: center;\" align=\"center\">Entra\u00eeneurs<\/th>\n<th style=\"text-align: center;\" align=\"center\">Coach<\/th>\n<th style=\"text-align: center;\" align=\"center\">D\u00e9l\u00e9gu\u00e9<\/th>\n<\/tr>\n<\/thead>\n<tbody>\n<tr>\n<td align=\"center\">Ecole du Hockey Jr<\/td>\n<td align=\"center\">Freddy<\/td>\n<td align=\"center\">Manu, Jerome, Maxence<\/td>\n<td align=\"center\"><\/td>\n<td align=\"center\"><\/td>\n<\/tr>\n<tr>\n<td align=\"center\">Ecole du Hockey Sr<\/td>\n<td align=\"center\">Freddy<\/td>\n<td align=\"center\">Laurent, Jerome<\/td>\n<td align=\"center\"><\/td>\n<td align=\"center\"><\/td>\n<\/tr>\n<tr>\n<td align=\"center\">U8<\/td>\n<td align=\"center\">Manu<\/td>\n<td align=\"center\">Anton<\/td>\n<td align=\"center\">Anton<\/td>\n<td align=\"center\"><\/td>\n<\/tr>\n<tr>\n<td align=\"center\">U10<\/td>\n<td align=\"center\">Claudy<\/td>\n<td align=\"center\">Manu<\/td>\n<td align=\"center\">Manu<\/td>\n<td align=\"center\"><\/td>\n<\/tr>\n<tr>\n<td align=\"center\">U12<\/td>\n<td align=\"center\">Erwin<\/td>\n<td align=\"center\">Alexy, Andy<\/td>\n<td align=\"center\">Erwin, Andy<\/td>\n<td align=\"center\"><\/td>\n<\/tr>\n<tr>\n<td align=\"center\">U14<\/td>\n<td align=\"center\">Sam<\/td>\n<td align=\"center\">Claudy<\/td>\n<td align=\"center\">Sam<\/td>\n<td align=\"center\">Cedric<\/td>\n<\/tr>\n<tr>\n<td align=\"center\">U16<\/td>\n<td align=\"center\">Edouard<\/td>\n<td align=\"center\"><\/td>\n<td align=\"center\">Edouard<\/td>\n<td align=\"center\">Pierre, Valerie<\/td>\n<\/tr>\n<tr>\n<td align=\"center\">U19<\/td>\n<td align=\"center\">Sebastien<\/td>\n<td align=\"center\"><\/td>\n<td align=\"center\">Sebastien<\/td>\n<td align=\"center\">Thierry, Alain<\/td>\n<\/tr>\n<tr>\n<td align=\"center\">Division 2<\/td>\n<td align=\"center\">Gil<\/td>\n<td align=\"center\"><\/td>\n<td align=\"center\"><\/td>\n<td align=\"center\">Fabian<\/td>\n<\/tr>\n<tr>\n<td align=\"center\">Division 3<\/td>\n<td align=\"center\">Laurent V.W<\/td>\n<td align=\"center\">Christophe<\/td>\n<td align=\"center\">LVWB Christ<\/td>\n<td align=\"center\"><\/td>\n<\/tr>\n<tr>\n<td style=\"text-align: center;\" align=\"center\">Division 4<\/td>\n<td style=\"text-align: center;\" align=\"center\">Laurent<\/td>\n<td style=\"text-align: center;\" align=\"center\"><\/td>\n<td style=\"text-align: center;\" align=\"center\"><\/td>\n<td style=\"text-align: center;\" align=\"center\"><\/td>\n<\/tr>\n<\/tbody>\n<\/table>\n<\/div>\n<\/div><\/div><div class=\"fusion-layout-column fusion_builder_column fusion-builder-column-1 fusion_builder_column_1_3 1_3 fusion-flex-column\" style=\"--awb-bg-size:cover;--awb-width-large:33.333333333333%;--awb-margin-top-large:0px;--awb-spacing-right-large:5.76%;--awb-margin-bottom-large:20px;--awb-spacing-left-large:5.76%;--awb-width-medium:100%;--awb-order-medium:0;--awb-spacing-right-medium:1.92%;--awb-spacing-left-medium:1.92%;--awb-width-small:100%;--awb-order-small:0;--awb-spacing-right-small:1.92%;--awb-spacing-left-small:1.92%;\"><div class=\"fusion-column-wrapper fusion-column-has-shadow fusion-flex-justify-content-flex-start fusion-content-layout-column\"><div class=\"fusion-title title fusion-title-1 fusion-sep-none fusion-title-text fusion-title-size-one\"><h1 class=\"fusion-title-heading title-heading-left fusion-responsive-typography-calculated\" style=\"margin:0;--fontSize:34;line-height:1.4;\"><h2>D\u00e9couvrez ici tous les entra\u00eeneurs des Red Roosters:<\/h2><\/h1><\/div><div class=\"fusion-text fusion-text-1\"><p>Afin de coordonner les programmes d&#8217;entra\u00eenement, superviser le staff des entra\u00eeneurs et les joueurs <strong>Christophe Widar<\/strong> endosse le r\u00f4le de <strong>Directeur Technique<\/strong>.<\/p>\n<\/div><\/div><\/div><\/div><\/div>\n","protected":false},"excerpt":{"rendered":"","protected":false},"author":1,"featured_media":0,"parent":0,"menu_order":0,"comment_status":"closed","ping_status":"closed","template":"","meta":{"footnotes":""},"class_list":["post-1612","page","type-page","status-publish","hentry"],"_links":{"self":[{"href":"https:\/\/redroosters.be\/index.php\/wp-json\/wp\/v2\/pages\/1612","targetHints":{"allow":["GET"]}}],"collection":[{"href":"https:\/\/redroosters.be\/index.php\/wp-json\/wp\/v2\/pages"}],"about":[{"href":"https:\/\/redroosters.be\/index.php\/wp-json\/wp\/v2\/types\/page"}],"author":[{"embeddable":true,"href":"https:\/\/redroosters.be\/index.php\/wp-json\/wp\/v2\/users\/1"}],"replies":[{"embeddable":true,"href":"https:\/\/redroosters.be\/index.php\/wp-json\/wp\/v2\/comments?post=1612"}],"version-history":[{"count":21,"href":"https:\/\/redroosters.be\/index.php\/wp-json\/wp\/v2\/pages\/1612\/revisions"}],"predecessor-version":[{"id":2021,"href":"https:\/\/redroosters.be\/index.php\/wp-json\/wp\/v2\/pages\/1612\/revisions\/2021"}],"wp:attachment":[{"href":"https:\/\/redroosters.be\/index.php\/wp-json\/wp\/v2\/media?parent=1612"}],"curies":[{"name":"wp","href":"https:\/\/api.w.org\/{rel}","templated":true}]}}